{"id":11466,"date":"2025-10-09T18:22:31","date_gmt":"2025-10-09T10:22:31","guid":{"rendered":"https:\/\/www.grohe.asia\/vn\/?page_id=11466"},"modified":"2025-11-24T11:49:04","modified_gmt":"2025-11-24T03:49:04","slug":"vn-voucher","status":"publish","type":"page","link":"https:\/\/www.grohe.asia\/vn\/vn-voucher\/","title":{"rendered":"Get a Voucher"},"content":{"rendered":"\t\t<div data-elementor-type=\"wp-page\" data-elementor-id=\"11466\" class=\"elementor elementor-11466\" data-elementor-post-type=\"page\">\n\t\t\t\t<div class=\"elementor-element elementor-element-f8b022f e-con-full e-flex e-con e-parent\" data-id=\"f8b022f\" data-element_type=\"container\" data-e-type=\"container\" data-settings=\"{&quot;background_background&quot;:&quot;classic&quot;}\">\n\t\t<div class=\"elementor-element elementor-element-383f0cca e-con-full e-flex e-con e-child\" data-id=\"383f0cca\" data-element_type=\"container\" data-e-type=\"container\">\n\t\t\t\t<div class=\"elementor-element elementor-element-7b01c22a elementor-widget elementor-widget-heading\" data-id=\"7b01c22a\" data-element_type=\"widget\" data-e-type=\"widget\" data-widget_type=\"heading.default\">\n\t\t\t\t<div class=\"elementor-widget-container\">\n\t\t\t\t\t<h2 class=\"elementor-heading-title elementor-size-default\">Voucher \u0110\u1eb7c Quy\u1ec1n Ch\u1edd B\u1ea1n Kh\u00e1m Ph\u00e1<\/h2>\t\t\t\t<\/div>\n\t\t\t\t<\/div>\n\t\t\t\t<div class=\"elementor-element elementor-element-cf52454 elementor-widget elementor-widget-heading\" data-id=\"cf52454\" data-element_type=\"widget\" data-e-type=\"widget\" data-widget_type=\"heading.default\">\n\t\t\t\t<div class=\"elementor-widget-container\">\n\t\t\t\t\t<p class=\"elementor-heading-title elementor-size-default\">H\u00e3y ho\u00e0n t\u1ea5t bi\u1ec3u m\u1eabu n\u00e0y \u0111\u1ec3 nh\u1eadn voucher v\u00e0 nh\u1eadn th\u00eam \u01b0u \u0111\u00e3i gi\u1ea3m 10% t\u1eeb \u0111\u1ea1i l\u00fd ch\u00ednh h\u00e3ng c\u1ee7a GROHE khi mua s\u1eafm c\u00e1c s\u1ea3n ph\u1ea9m trong danh s\u00e1ch. \u0110\u1eebng b\u1ecf l\u1ee1 c\u01a1 h\u1ed9i c\u00f9ng GROHE t\u1eadn h\u01b0\u1edfng tr\u1ecdn v\u1eb9n t\u1eebng ph\u00fat gi\u00e2y th\u01b0 gi\u00e3n v\u1edbi n\u01b0\u1edbc.<\/p>\t\t\t\t<\/div>\n\t\t\t\t<\/div>\n\t\t\t\t<\/div>\n\t\t\t\t<\/div>\n\t\t<div class=\"elementor-element elementor-element-3046051d e-flex e-con-boxed e-con e-parent\" data-id=\"3046051d\" data-element_type=\"container\" data-e-type=\"container\">\n\t\t\t\t\t<div class=\"e-con-inner\">\n\t\t\t\t<div class=\"elementor-element elementor-element-509511ce elementor-widget-mobile__width-inherit elementor-widget elementor-widget-html\" data-id=\"509511ce\" data-element_type=\"widget\" data-e-type=\"widget\" data-widget_type=\"html.default\">\n\t\t\t\t<div class=\"elementor-widget-container\">\n\t\t\t\t\t<iframe id=\"groheForm\"\n        src=\"https:\/\/cloud.marketing-apac.lixil.com\/newregistration-vn\"\n        width=\"600\"\n        height=\"600\"\n        frameborder=\"0\">\n<\/iframe>\n\n<script>\n  \/\/ ambil query string dari parent (WordPress URL)\n  var query = window.location.search; \n\n  \/\/ ambil iframe element\n  var iframe = document.getElementById(\"groheForm\");\n\n  \/\/ append query ke src iframe\n  iframe.src = iframe.src + query;\n<\/script>\n\t\t\t\t<\/div>\n\t\t\t\t<\/div>\n\t\t\t\t\t<\/div>\n\t\t\t\t<\/div>\n\t\t\t\t<\/div>\n\t\t","protected":false},"excerpt":{"rendered":"<p>Voucher \u0110\u1eb7c Quy\u1ec1n Ch\u1edd B\u1ea1n Kh\u00e1m Ph\u00e1 H\u00e3y ho\u00e0n t\u1ea5t bi\u1ec3u m\u1eabu n\u00e0y \u0111\u1ec3 nh\u1eadn voucher v\u00e0 nh\u1eadn th\u00eam \u01b0u \u0111\u00e3i gi\u1ea3m 10% t\u1eeb \u0111\u1ea1i l\u00fd ch\u00ednh h\u00e3ng c\u1ee7a GROHE khi mua s\u1eafm c\u00e1c s\u1ea3n ph\u1ea9m trong danh s\u00e1ch. \u0110\u1eebng b\u1ecf l\u1ee1 c\u01a1 h\u1ed9i c\u00f9ng GROHE t\u1eadn h\u01b0\u1edfng tr\u1ecdn v\u1eb9n t\u1eebng ph\u00fat gi\u00e2y th\u01b0 gi\u00e3n [&hellip;]<\/p>\n","protected":false},"author":1,"featured_media":0,"parent":0,"menu_order":0,"comment_status":"closed","ping_status":"closed","template":"","meta":{"_acf_changed":false,"footnotes":""},"class_list":["post-11466","page","type-page","status-publish","hentry"],"acf":[],"aioseo_notices":[],"_links":{"self":[{"href":"https:\/\/www.grohe.asia\/vn\/wp-json\/wp\/v2\/pages\/11466","targetHints":{"allow":["GET"]}}],"collection":[{"href":"https:\/\/www.grohe.asia\/vn\/wp-json\/wp\/v2\/pages"}],"about":[{"href":"https:\/\/www.grohe.asia\/vn\/wp-json\/wp\/v2\/types\/page"}],"author":[{"embeddable":true,"href":"https:\/\/www.grohe.asia\/vn\/wp-json\/wp\/v2\/users\/1"}],"replies":[{"embeddable":true,"href":"https:\/\/www.grohe.asia\/vn\/wp-json\/wp\/v2\/comments?post=11466"}],"version-history":[{"count":14,"href":"https:\/\/www.grohe.asia\/vn\/wp-json\/wp\/v2\/pages\/11466\/revisions"}],"predecessor-version":[{"id":11659,"href":"https:\/\/www.grohe.asia\/vn\/wp-json\/wp\/v2\/pages\/11466\/revisions\/11659"}],"wp:attachment":[{"href":"https:\/\/www.grohe.asia\/vn\/wp-json\/wp\/v2\/media?parent=11466"}],"curies":[{"name":"wp","href":"https:\/\/api.w.org\/{rel}","templated":true}]}}